{"id":4405,"date":"2023-08-02T07:16:16","date_gmt":"2023-08-02T07:16:16","guid":{"rendered":"https:\/\/tecno3hc.com\/contacto\/"},"modified":"2025-03-05T14:58:57","modified_gmt":"2025-03-05T14:58:57","slug":"contacto","status":"publish","type":"page","link":"https:\/\/tecno3hc.com\/es\/contacto\/","title":{"rendered":"Contacto"},"content":{"rendered":"\t\t<div data-elementor-type=\"wp-page\" data-elementor-id=\"4405\" class=\"elementor elementor-4405 elementor-104\" data-elementor-post-type=\"page\">\n\t\t\t\t\t\t<div class=\"elementor-inner\">\n\t\t\t\t<div class=\"elementor-section-wrap\">\n\t\t\t\t\t\t\t<div class=\"elementor-element elementor-element-5b7a573 e-con-full e-flex e-con e-parent\" data-id=\"5b7a573\" data-element_type=\"container\" data-settings=\"{&quot;content_width&quot;:&quot;full&quot;,&quot;background_background&quot;:&quot;classic&quot;,&quot;container_type&quot;:&quot;flex&quot;}\" data-core-v316-plus=\"true\">\n\t\t\t\t<div class=\"elementor-element elementor-element-e71867b elementor-widget elementor-widget-heading\" data-id=\"e71867b\" data-element_type=\"widget\" data-widget_type=\"heading.default\">\n\t\t\t\t<div class=\"elementor-widget-container\">\n\t\t\t<h1 class=\"elementor-heading-title elementor-size-default\">Contacto<\/h1>\t\t<\/div>\n\t\t\t\t<\/div>\n\t\t\t\t<\/div>\n\t\t<div class=\"elementor-element elementor-element-3d5a0af e-con-full e-flex e-con e-parent\" data-id=\"3d5a0af\" data-element_type=\"container\" data-settings=\"{&quot;content_width&quot;:&quot;full&quot;,&quot;background_background&quot;:&quot;classic&quot;,&quot;container_type&quot;:&quot;flex&quot;}\" data-core-v316-plus=\"true\">\n\t\t<div class=\"elementor-element elementor-element-c1e1249 e-con-full e-flex e-con e-child\" data-id=\"c1e1249\" data-element_type=\"container\" data-settings=\"{&quot;content_width&quot;:&quot;full&quot;,&quot;container_type&quot;:&quot;flex&quot;}\">\n\t\t<div class=\"elementor-element elementor-element-452ae57 e-con-full e-flex e-con e-child\" data-id=\"452ae57\" data-element_type=\"container\" data-settings=\"{&quot;content_width&quot;:&quot;full&quot;,&quot;container_type&quot;:&quot;flex&quot;}\">\n\t\t<div class=\"elementor-element elementor-element-4600acd e-con-full e-flex e-con e-child\" data-id=\"4600acd\" data-element_type=\"container\" data-settings=\"{&quot;content_width&quot;:&quot;full&quot;,&quot;container_type&quot;:&quot;flex&quot;}\">\n\t\t\t\t<div class=\"elementor-element elementor-element-e102f6c elementor-widget elementor-widget-heading\" data-id=\"e102f6c\" data-element_type=\"widget\" data-widget_type=\"heading.default\">\n\t\t\t\t<div class=\"elementor-widget-container\">\n\t\t\t<h4 class=\"elementor-heading-title elementor-size-default\">headquarter<\/h4>\t\t<\/div>\n\t\t\t\t<\/div>\n\t\t\t\t<div class=\"elementor-element elementor-element-ddcaf39 elementor-widget elementor-widget-text-editor\" data-id=\"ddcaf39\" data-element_type=\"widget\" data-widget_type=\"text-editor.default\">\n\t\t\t\t<div class=\"elementor-widget-container\">\n\t\t\t\t\t\t\t\t<div class=\"elementor-text-editor elementor-clearfix\">\n\t\t\t\t<p>Tecno3 S.r.l.<br \/>\nVia Luigi Scapuzzi, 62<br \/>\n29017 Fiorenzuola d&#8217;Arda &#8211; PC<\/p>\n\t\t\t\t\t<\/div>\n\t\t\t\t\t\t<\/div>\n\t\t\t\t<\/div>\n\t\t\t\t<div class=\"elementor-element elementor-element-4af00d5 elementor-align-left btn-md elementor-widget elementor-widget-button\" data-id=\"4af00d5\" data-element_type=\"widget\" data-widget_type=\"button.default\">\n\t\t\t\t<div class=\"elementor-widget-container\">\n\t\t\t\t\t<div class=\"elementor-button-wrapper\">\n\t\t\t<a class=\"elementor-button elementor-button-link elementor-size-sm\" href=\"https:\/\/goo.gl\/maps\/E5FEhJgpW9XGRA4H6\" target=\"_blank\">\n\t\t\t\t\t\t<span class=\"elementor-button-content-wrapper\">\n\t\t\t\t\t\t<span class=\"elementor-button-icon elementor-align-icon-right\">\n\t\t\t\t<svg xmlns=\"http:\/\/www.w3.org\/2000\/svg\" id=\"Livello_2\" width=\"24\" height=\"24\" viewBox=\"0 0 24 24\"><g id=\"Livello_1-2\"><path id=\"icon_24_arrow_up\" d=\"m15,0H1.99v4h15.18L0,21.17l2.83,2.83L20,6.83v15.18h4v-13.01L15,0Z\"><\/path><\/g><\/svg>\t\t\t<\/span>\n\t\t\t\t\t\t<span class=\"elementor-button-text\">Localizaci\u00f3n en mapa<\/span>\n\t\t<\/span>\n\t\t\t\t\t<\/a>\n\t\t<\/div>\n\t\t\t\t<\/div>\n\t\t\t\t<\/div>\n\t\t\t\t<\/div>\n\t\t<div class=\"elementor-element elementor-element-362c312 e-con-full e-flex e-con e-child\" data-id=\"362c312\" data-element_type=\"container\" data-settings=\"{&quot;content_width&quot;:&quot;full&quot;,&quot;container_type&quot;:&quot;flex&quot;}\">\n\t\t\t\t<div class=\"elementor-element elementor-element-e6e9d3c elementor-widget elementor-widget-text-editor\" data-id=\"e6e9d3c\" data-element_type=\"widget\" data-widget_type=\"text-editor.default\">\n\t\t\t\t<div class=\"elementor-widget-container\">\n\t\t\t\t\t\t\t\t<div class=\"elementor-text-editor elementor-clearfix\">\n\t\t\t\t<p><a href=\"tel:+39%200523%20942760\">+39 0523 942760<\/a><\/p>\n\t\t\t\t\t<\/div>\n\t\t\t\t\t\t<\/div>\n\t\t\t\t<\/div>\n\t\t\t\t<div class=\"elementor-element elementor-element-0e8b3f4 elementor-widget elementor-widget-text-editor\" data-id=\"0e8b3f4\" data-element_type=\"widget\" data-widget_type=\"text-editor.default\">\n\t\t\t\t<div class=\"elementor-widget-container\">\n\t\t\t\t\t\t\t\t<div class=\"elementor-text-editor elementor-clearfix\">\n\t\t\t\t<p><a href=\"mailto:tecno3@tecno3hc.com\">tecno3@tecno3hc.com<\/a><\/p>\n\t\t\t\t\t<\/div>\n\t\t\t\t\t\t<\/div>\n\t\t\t\t<\/div>\n\t\t\t\t<\/div>\n\t\t<a class=\"elementor-element elementor-element-89ad4ba e-con-full e-flex e-con e-child\" data-id=\"89ad4ba\" data-element_type=\"container\" data-settings=\"{&quot;content_width&quot;:&quot;full&quot;,&quot;container_type&quot;:&quot;flex&quot;}\" href=\"https:\/\/tecno3hc.com\/lavora-con-noi\/\">\n\t\t\t\t<div class=\"elementor-element elementor-element-80b5ad8 elementor-widget elementor-widget-text-editor\" data-id=\"80b5ad8\" data-element_type=\"widget\" data-widget_type=\"text-editor.default\">\n\t\t\t\t<div class=\"elementor-widget-container\">\n\t\t\t\t\t\t\t\t<div class=\"elementor-text-editor elementor-clearfix\">\n\t\t\t\t<p>Trabaja con nosotros<\/p>\n\t\t\t\t\t<\/div>\n\t\t\t\t\t\t<\/div>\n\t\t\t\t<\/div>\n\t\t\t\t<div class=\"elementor-element elementor-element-d4dc217 elementor-view-default elementor-widget elementor-widget-icon\" data-id=\"d4dc217\" data-element_type=\"widget\" data-widget_type=\"icon.default\">\n\t\t\t\t<div class=\"elementor-widget-container\">\n\t\t\t\t\t<div class=\"elementor-icon-wrapper\">\n\t\t\t<div class=\"elementor-icon\">\n\t\t\t<svg xmlns=\"http:\/\/www.w3.org\/2000\/svg\" width=\"25\" height=\"24\" viewBox=\"0 0 25 24\" fill=\"none\"><g id=\"icon\/24\/arrow\/up\" clip-path=\"url(#clip0_959_7727)\"><path id=\"Vector\" d=\"M15.998 0H2.98805V4H18.168L0.998047 21.17L3.82805 24L20.998 6.83V22.01H24.998V9L15.998 0Z\" fill=\"#FF0000\"><\/path><\/g><defs><clipPath id=\"clip0_959_7727\"><rect width=\"24\" height=\"24\" fill=\"white\" transform=\"translate(0.998047)\"><\/rect><\/clipPath><\/defs><\/svg>\t\t\t<\/div>\n\t\t<\/div>\n\t\t\t\t<\/div>\n\t\t\t\t<\/div>\n\t\t\t\t<\/a>\n\t\t\t\t<\/div>\n\t\t<div class=\"elementor-element elementor-element-8b78fa5 e-con-full e-flex e-con e-child\" data-id=\"8b78fa5\" data-element_type=\"container\" data-settings=\"{&quot;content_width&quot;:&quot;full&quot;,&quot;container_type&quot;:&quot;flex&quot;}\">\n\t\t<div class=\"elementor-element elementor-element-08b8873 e-con-full e-flex e-con e-child\" data-id=\"08b8873\" data-element_type=\"container\" data-settings=\"{&quot;content_width&quot;:&quot;full&quot;,&quot;container_type&quot;:&quot;flex&quot;}\">\n\t\t\t\t<div class=\"elementor-element elementor-element-197ecae elementor-widget elementor-widget-text-editor\" data-id=\"197ecae\" data-element_type=\"widget\" data-widget_type=\"text-editor.default\">\n\t\t\t\t<div class=\"elementor-widget-container\">\n\t\t\t\t\t\t\t\t<div class=\"elementor-text-editor elementor-clearfix\">\n\t\t\t\t<p class=\"p1\">P\u00f3ngase en contacto con nosotros para obtener m\u00e1s informaci\u00f3n.<\/p>\n\t\t\t\t\t<\/div>\n\t\t\t\t\t\t<\/div>\n\t\t\t\t<\/div>\n\t\t\t\t<\/div>\n\t\t\t\t<div class=\"elementor-element elementor-element-985d318 form elementor-button-align-start elementor-widget elementor-widget-form\" data-id=\"985d318\" data-element_type=\"widget\" data-settings=\"{&quot;step_next_label&quot;:&quot;Successivo&quot;,&quot;step_previous_label&quot;:&quot;Precedente&quot;,&quot;button_width&quot;:&quot;100&quot;,&quot;step_type&quot;:&quot;number_text&quot;,&quot;step_icon_shape&quot;:&quot;circle&quot;}\" data-widget_type=\"form.default\">\n\t\t\t\t<div class=\"elementor-widget-container\">\n\t\t\t\t\t<form class=\"elementor-form\" method=\"post\" name=\"Cont\u00e1ctenos\">\n\t\t\t<input type=\"hidden\" name=\"post_id\" value=\"4405\"\/>\n\t\t\t<input type=\"hidden\" name=\"form_id\" value=\"985d318\"\/>\n\t\t\t<input type=\"hidden\" name=\"referer_title\" value=\"Tecno3\" \/>\n\n\t\t\t\n\t\t\t<div class=\"elementor-form-fields-wrapper elementor-labels-\">\n\t\t\t\t\t\t\t\t<div class=\"elementor-field-type-text elementor-field-group elementor-column elementor-field-group-name elementor-col-100 elementor-field-required\">\n\t\t\t\t\t\t\t\t\t\t\t\t<label for=\"form-field-name\" class=\"elementor-field-label elementor-screen-only\">\n\t\t\t\t\t\t\t\tNombre\t\t\t\t\t\t\t<\/label>\n\t\t\t\t\t\t\t\t\t\t\t\t\t\t<input size=\"1\" type=\"text\" name=\"form_fields[name]\" id=\"form-field-name\" class=\"elementor-field elementor-size-md  elementor-field-textual\" placeholder=\"Nombre\" required=\"required\" aria-required=\"true\">\n\t\t\t\t\t\t\t\t\t\t\t<\/div>\n\t\t\t\t\t\t\t\t<div class=\"elementor-field-type-email elementor-field-group elementor-column elementor-field-group-email elementor-col-100 elementor-field-required\">\n\t\t\t\t\t\t\t\t\t\t\t\t<label for=\"form-field-email\" class=\"elementor-field-label elementor-screen-only\">\n\t\t\t\t\t\t\t\tEmail\t\t\t\t\t\t\t<\/label>\n\t\t\t\t\t\t\t\t\t\t\t\t\t\t<input size=\"1\" type=\"email\" name=\"form_fields[email]\" id=\"form-field-email\" class=\"elementor-field elementor-size-md  elementor-field-textual\" placeholder=\"Email\" required=\"required\" aria-required=\"true\">\n\t\t\t\t\t\t\t\t\t\t\t<\/div>\n\t\t\t\t\t\t\t\t<div class=\"elementor-field-type-textarea elementor-field-group elementor-column elementor-field-group-message elementor-col-100 elementor-field-required\">\n\t\t\t\t\t\t\t\t\t\t\t\t<label for=\"form-field-message\" class=\"elementor-field-label elementor-screen-only\">\n\t\t\t\t\t\t\t\tMensaje\t\t\t\t\t\t\t<\/label>\n\t\t\t\t\t\t<textarea class=\"elementor-field-textual elementor-field  elementor-size-md\" name=\"form_fields[message]\" id=\"form-field-message\" rows=\"3\" placeholder=\"Mensaje\" required=\"required\" aria-required=\"true\"><\/textarea>\t\t\t\t<\/div>\n\t\t\t\t\t\t\t\t<div class=\"elementor-field-type-html elementor-field-group elementor-column elementor-field-group-field_2789fa8 elementor-col-100\">\n\t\t\t\t\t<span style=\"font-size:0.9rem; line-height:1rem; color:#4C4C4C;\">This site is protected by reCAPTCHA and the Google\n<a style=\"text-decoration: underline; color:#4C4C4C;\" href=\"https:\/\/policies.google.com\/privacy\">Privacy Policy<\/a> and\n<a style=\"text-decoration: underline; color:#4C4C4C;\" href=\"https:\/\/policies.google.com\/terms\">Terms of Service<\/a> apply.<span>\n\t\t\t\t<\/div>\n\t\t\t\t\t\t\t\t<div class=\"elementor-field-type-acceptance elementor-field-group elementor-column elementor-field-group-field_f3c5644 elementor-col-100 elementor-field-required\">\n\t\t\t\t\t\t\t\t\t\t\t\t<label for=\"form-field-field_f3c5644\" class=\"elementor-field-label elementor-screen-only\">\n\t\t\t\t\t\t\t\tPol\u00edtica de privacidad\t\t\t\t\t\t\t<\/label>\n\t\t\t\t\t\t\t\t<div class=\"elementor-field-subgroup\">\n\t\t\t<span class=\"elementor-field-option\">\n\t\t\t\t<input type=\"checkbox\" name=\"form_fields[field_f3c5644]\" id=\"form-field-field_f3c5644\" class=\"elementor-field elementor-size-md  elementor-acceptance-field\" required=\"required\" aria-required=\"true\">\n\t\t\t\t<label for=\"form-field-field_f3c5644\">He le\u00eddo y acepto la <a href=\"https:\/\/tecno3hc.com\/en\/privacy-policy\/\">Pol\u00edtica de privacidad<\/a><\/label>\t\t\t<\/span>\n\t\t<\/div>\n\t\t\t\t\t\t<\/div>\n\t\t\t\t\t\t\t\t<div class=\"elementor-field-type-recaptcha_v3 elementor-field-group elementor-column elementor-field-group-field_c56a2ea elementor-col-100 recaptcha_v3-bottomright\">\n\t\t\t\t\t<div class=\"elementor-field\" id=\"form-field-field_c56a2ea\"><div class=\"elementor-g-recaptcha\" data-sitekey=\"6LccpWEoAAAAAO4Fr7FSNnsbUx2H0cx5UEIr_-5l\" data-type=\"v3\" data-action=\"Form\" data-badge=\"bottomright\" data-size=\"invisible\"><\/div><\/div>\t\t\t\t<\/div>\n\t\t\t\t\t\t\t\t<div class=\"elementor-field-group elementor-column elementor-field-type-submit elementor-col-100 e-form__buttons\">\n\t\t\t\t\t<button type=\"submit\" class=\"elementor-button elementor-size-lg\">\n\t\t\t\t\t\t<span >\n\t\t\t\t\t\t\t\t\t\t\t\t\t\t\t<span class=\"elementor-align-icon-right elementor-button-icon\">\n\t\t\t\t\t\t\t\t\t<svg xmlns=\"http:\/\/www.w3.org\/2000\/svg\" width=\"25\" height=\"24\" viewBox=\"0 0 25 24\" fill=\"none\"><g id=\"icon\/24\/arrow\/up\" clip-path=\"url(#clip0_959_7727)\"><path id=\"Vector\" d=\"M15.998 0H2.98805V4H18.168L0.998047 21.17L3.82805 24L20.998 6.83V22.01H24.998V9L15.998 0Z\" fill=\"#FF0000\"><\/path><\/g><defs><clipPath id=\"clip0_959_7727\"><rect width=\"24\" height=\"24\" fill=\"white\" transform=\"translate(0.998047)\"><\/rect><\/clipPath><\/defs><\/svg>\t\t\t\t\t\t\t\t\t\t\t\t\t\t\t\t\t<\/span>\n\t\t\t\t\t\t\t\t\t\t\t\t\t\t\t\t\t\t\t\t\t\t<span class=\"elementor-button-text\">Enviar solicitud<\/span>\n\t\t\t\t\t\t\t\t\t\t\t\t\t<\/span>\n\t\t\t\t\t<\/button>\n\t\t\t\t<\/div>\n\t\t\t<\/div>\n\t\t<\/form>\n\t\t\t\t<\/div>\n\t\t\t\t<\/div>\n\t\t\t\t<\/div>\n\t\t\t\t<\/div>\n\t\t\t\t<\/div>\n\t\t\t\t\t\t\t\t\t<\/div>\n\t\t\t<\/div>\n\t\t\t\t\t<\/div>\n\t\t","protected":false},"excerpt":{"rendered":"<p>headquarter Localizaci\u00f3n en mapa +39 0523 942760 tecno3@tecno3hc.com Trabaja con nosotros P\u00f3ngase en contacto con nosotros para obtener m\u00e1s informaci\u00f3n.<\/p>\n","protected":false},"author":5,"featured_media":0,"parent":0,"menu_order":0,"comment_status":"closed","ping_status":"closed","template":"","meta":{"footnotes":""},"acf":[],"yoast_head":"<!-- This site is optimized with the Yoast SEO plugin v21.8 - https:\/\/yoast.com\/wordpress\/plugins\/seo\/ -->\n<title>Contacto | Tecno3<\/title>\n<meta name=\"robots\" content=\"index, follow, max-snippet:-1, max-image-preview:large, max-video-preview:-1\" \/>\n<link rel=\"canonical\" href=\"https:\/\/tecno3hc.com\/es\/contacto\/\" \/>\n<meta property=\"og:locale\" content=\"es_ES\" \/>\n<meta property=\"og:type\" content=\"article\" \/>\n<meta property=\"og:title\" content=\"Contacto | Tecno3\" \/>\n<meta property=\"og:description\" content=\"headquarter Localizaci\u00f3n en mapa +39 0523 942760 tecno3@tecno3hc.com Trabaja con nosotros P\u00f3ngase en contacto con nosotros para obtener m\u00e1s informaci\u00f3n.\" \/>\n<meta property=\"og:url\" content=\"https:\/\/tecno3hc.com\/es\/contacto\/\" \/>\n<meta property=\"og:site_name\" content=\"Tecno3\" \/>\n<meta property=\"article:modified_time\" content=\"2025-03-05T14:58:57+00:00\" \/>\n<meta property=\"og:image\" content=\"https:\/\/tecno3hc.com\/wp-content\/uploads\/2023\/09\/produzione-qualita_2.jpg\" \/>\n\t<meta property=\"og:image:width\" content=\"1203\" \/>\n\t<meta property=\"og:image:height\" content=\"912\" \/>\n\t<meta property=\"og:image:type\" content=\"image\/jpeg\" \/>\n<meta name=\"twitter:card\" content=\"summary_large_image\" \/>\n<script type=\"application\/ld+json\" class=\"yoast-schema-graph\">{\"@context\":\"https:\/\/schema.org\",\"@graph\":[{\"@type\":\"WebPage\",\"@id\":\"https:\/\/tecno3hc.com\/es\/contacto\/\",\"url\":\"https:\/\/tecno3hc.com\/es\/contacto\/\",\"name\":\"Contacto | Tecno3\",\"isPartOf\":{\"@id\":\"https:\/\/tecno3hc.com\/#website\"},\"datePublished\":\"2023-08-02T07:16:16+00:00\",\"dateModified\":\"2025-03-05T14:58:57+00:00\",\"breadcrumb\":{\"@id\":\"https:\/\/tecno3hc.com\/es\/contacto\/#breadcrumb\"},\"inLanguage\":\"es\",\"potentialAction\":[{\"@type\":\"ReadAction\",\"target\":[\"https:\/\/tecno3hc.com\/es\/contacto\/\"]}]},{\"@type\":\"BreadcrumbList\",\"@id\":\"https:\/\/tecno3hc.com\/es\/contacto\/#breadcrumb\",\"itemListElement\":[{\"@type\":\"ListItem\",\"position\":1,\"name\":\"Home\",\"item\":\"https:\/\/tecno3hc.com\/es\/homepage\/\"},{\"@type\":\"ListItem\",\"position\":2,\"name\":\"Contacto\"}]},{\"@type\":\"WebSite\",\"@id\":\"https:\/\/tecno3hc.com\/#website\",\"url\":\"https:\/\/tecno3hc.com\/\",\"name\":\"Tecno3\",\"description\":\"Cilindro y componentes hidr\u00e1ulicos\",\"publisher\":{\"@id\":\"https:\/\/tecno3hc.com\/#organization\"},\"potentialAction\":[{\"@type\":\"SearchAction\",\"target\":{\"@type\":\"EntryPoint\",\"urlTemplate\":\"https:\/\/tecno3hc.com\/?s={search_term_string}\"},\"query-input\":\"required name=search_term_string\"}],\"inLanguage\":\"es\"},{\"@type\":\"Organization\",\"@id\":\"https:\/\/tecno3hc.com\/#organization\",\"name\":\"Tecno3\",\"url\":\"https:\/\/tecno3hc.com\/\",\"logo\":{\"@type\":\"ImageObject\",\"inLanguage\":\"es\",\"@id\":\"https:\/\/tecno3hc.com\/#\/schema\/logo\/image\/\",\"url\":\"https:\/\/tecno3hc.com\/wp-content\/uploads\/2023\/08\/logo-tecno3.svg\",\"contentUrl\":\"https:\/\/tecno3hc.com\/wp-content\/uploads\/2023\/08\/logo-tecno3.svg\",\"width\":190,\"height\":40,\"caption\":\"Tecno3\"},\"image\":{\"@id\":\"https:\/\/tecno3hc.com\/#\/schema\/logo\/image\/\"}}]}<\/script>\n<!-- \/ Yoast SEO plugin. -->","yoast_head_json":{"title":"Contacto | Tecno3","robots":{"index":"index","follow":"follow","max-snippet":"max-snippet:-1","max-image-preview":"max-image-preview:large","max-video-preview":"max-video-preview:-1"},"canonical":"https:\/\/tecno3hc.com\/es\/contacto\/","og_locale":"es_ES","og_type":"article","og_title":"Contacto | Tecno3","og_description":"headquarter Localizaci\u00f3n en mapa +39 0523 942760 tecno3@tecno3hc.com Trabaja con nosotros P\u00f3ngase en contacto con nosotros para obtener m\u00e1s informaci\u00f3n.","og_url":"https:\/\/tecno3hc.com\/es\/contacto\/","og_site_name":"Tecno3","article_modified_time":"2025-03-05T14:58:57+00:00","og_image":[{"width":1203,"height":912,"url":"https:\/\/tecno3hc.com\/wp-content\/uploads\/2023\/09\/produzione-qualita_2.jpg","type":"image\/jpeg"}],"twitter_card":"summary_large_image","schema":{"@context":"https:\/\/schema.org","@graph":[{"@type":"WebPage","@id":"https:\/\/tecno3hc.com\/es\/contacto\/","url":"https:\/\/tecno3hc.com\/es\/contacto\/","name":"Contacto | Tecno3","isPartOf":{"@id":"https:\/\/tecno3hc.com\/#website"},"datePublished":"2023-08-02T07:16:16+00:00","dateModified":"2025-03-05T14:58:57+00:00","breadcrumb":{"@id":"https:\/\/tecno3hc.com\/es\/contacto\/#breadcrumb"},"inLanguage":"es","potentialAction":[{"@type":"ReadAction","target":["https:\/\/tecno3hc.com\/es\/contacto\/"]}]},{"@type":"BreadcrumbList","@id":"https:\/\/tecno3hc.com\/es\/contacto\/#breadcrumb","itemListElement":[{"@type":"ListItem","position":1,"name":"Home","item":"https:\/\/tecno3hc.com\/es\/homepage\/"},{"@type":"ListItem","position":2,"name":"Contacto"}]},{"@type":"WebSite","@id":"https:\/\/tecno3hc.com\/#website","url":"https:\/\/tecno3hc.com\/","name":"Tecno3","description":"Cilindro y componentes hidr\u00e1ulicos","publisher":{"@id":"https:\/\/tecno3hc.com\/#organization"},"potentialAction":[{"@type":"SearchAction","target":{"@type":"EntryPoint","urlTemplate":"https:\/\/tecno3hc.com\/?s={search_term_string}"},"query-input":"required name=search_term_string"}],"inLanguage":"es"},{"@type":"Organization","@id":"https:\/\/tecno3hc.com\/#organization","name":"Tecno3","url":"https:\/\/tecno3hc.com\/","logo":{"@type":"ImageObject","inLanguage":"es","@id":"https:\/\/tecno3hc.com\/#\/schema\/logo\/image\/","url":"https:\/\/tecno3hc.com\/wp-content\/uploads\/2023\/08\/logo-tecno3.svg","contentUrl":"https:\/\/tecno3hc.com\/wp-content\/uploads\/2023\/08\/logo-tecno3.svg","width":190,"height":40,"caption":"Tecno3"},"image":{"@id":"https:\/\/tecno3hc.com\/#\/schema\/logo\/image\/"}}]}},"_links":{"self":[{"href":"https:\/\/tecno3hc.com\/es\/wp-json\/wp\/v2\/pages\/4405"}],"collection":[{"href":"https:\/\/tecno3hc.com\/es\/wp-json\/wp\/v2\/pages"}],"about":[{"href":"https:\/\/tecno3hc.com\/es\/wp-json\/wp\/v2\/types\/page"}],"author":[{"embeddable":true,"href":"https:\/\/tecno3hc.com\/es\/wp-json\/wp\/v2\/users\/5"}],"replies":[{"embeddable":true,"href":"https:\/\/tecno3hc.com\/es\/wp-json\/wp\/v2\/comments?post=4405"}],"version-history":[{"count":18,"href":"https:\/\/tecno3hc.com\/es\/wp-json\/wp\/v2\/pages\/4405\/revisions"}],"predecessor-version":[{"id":5868,"href":"https:\/\/tecno3hc.com\/es\/wp-json\/wp\/v2\/pages\/4405\/revisions\/5868"}],"wp:attachment":[{"href":"https:\/\/tecno3hc.com\/es\/wp-json\/wp\/v2\/media?parent=4405"}],"curies":[{"name":"wp","href":"https:\/\/api.w.org\/{rel}","templated":true}]}}