{"id":5517,"date":"2023-08-21T12:59:57","date_gmt":"2023-08-21T12:59:57","guid":{"rendered":"https:\/\/tecno3hc.com\/trabalhe-conosco\/"},"modified":"2024-01-10T11:14:01","modified_gmt":"2024-01-10T11:14:01","slug":"trabalhe-conosco","status":"publish","type":"page","link":"https:\/\/tecno3hc.com\/pt\/trabalhe-conosco\/","title":{"rendered":"Trabalhe conosco"},"content":{"rendered":"\t\t<div data-elementor-type=\"wp-page\" data-elementor-id=\"5517\" class=\"elementor elementor-5517 elementor-344\" data-elementor-post-type=\"page\">\n\t\t\t\t\t\t<div class=\"elementor-inner\">\n\t\t\t\t<div class=\"elementor-section-wrap\">\n\t\t\t\t\t\t\t<div class=\"elementor-element elementor-element-957a7ac e-con-full e-flex e-con e-parent\" data-id=\"957a7ac\" data-element_type=\"container\" data-settings=\"{&quot;content_width&quot;:&quot;full&quot;,&quot;background_background&quot;:&quot;classic&quot;,&quot;container_type&quot;:&quot;flex&quot;}\" data-core-v316-plus=\"true\">\n\t\t\t\t<div class=\"elementor-element elementor-element-43a8da0 elementor-widget elementor-widget-heading\" data-id=\"43a8da0\" data-element_type=\"widget\" data-widget_type=\"heading.default\">\n\t\t\t\t<div class=\"elementor-widget-container\">\n\t\t\t<h1 class=\"elementor-heading-title elementor-size-default\">Trabalhe conosco<\/h1>\t\t<\/div>\n\t\t\t\t<\/div>\n\t\t\t\t<\/div>\n\t\t<div class=\"elementor-element elementor-element-4a55d86 e-con-full e-flex e-con e-parent\" data-id=\"4a55d86\" data-element_type=\"container\" data-settings=\"{&quot;content_width&quot;:&quot;full&quot;,&quot;background_background&quot;:&quot;classic&quot;,&quot;container_type&quot;:&quot;flex&quot;}\" data-core-v316-plus=\"true\">\n\t\t<div class=\"elementor-element elementor-element-732ec16 e-con-full e-flex e-con e-child\" data-id=\"732ec16\" data-element_type=\"container\" data-settings=\"{&quot;content_width&quot;:&quot;full&quot;,&quot;container_type&quot;:&quot;flex&quot;}\">\n\t\t<div class=\"elementor-element elementor-element-27a228a e-con-full e-flex e-con e-child\" data-id=\"27a228a\" data-element_type=\"container\" data-settings=\"{&quot;content_width&quot;:&quot;full&quot;,&quot;container_type&quot;:&quot;flex&quot;}\">\n\t\t\t\t<div class=\"elementor-element elementor-element-865aa79 elementor-widget__width-initial elementor-widget elementor-widget-heading\" data-id=\"865aa79\" data-element_type=\"widget\" data-widget_type=\"heading.default\">\n\t\t\t\t<div class=\"elementor-widget-container\">\n\t\t\t<h4 class=\"elementor-heading-title elementor-size-default\">Acreditamos no v\u00ednculo que se cria entre os colaboradores e a empresa.\n<\/h4>\t\t<\/div>\n\t\t\t\t<\/div>\n\t\t<div class=\"elementor-element elementor-element-914a8db e-con-full e-flex e-con e-child\" data-id=\"914a8db\" data-element_type=\"container\" data-settings=\"{&quot;content_width&quot;:&quot;full&quot;,&quot;container_type&quot;:&quot;flex&quot;}\">\n\t\t\t\t<div class=\"elementor-element elementor-element-224f938 elementor-widget elementor-widget-text-editor\" data-id=\"224f938\" data-element_type=\"widget\" data-widget_type=\"text-editor.default\">\n\t\t\t\t<div class=\"elementor-widget-container\">\n\t\t\t\t\t\t\t\t<div class=\"elementor-text-editor elementor-clearfix\">\n\t\t\t\t<p>Estamos sempre \u00e0 procura de pessoas com compet\u00eancias e conhecimentos \u00fanicos para enriquecer a nossa vis\u00e3o e oferta. O crescimento individual e profissional \u00e9 de fato um importante patrim\u00f4nio que nos permite almejar a inova\u00e7\u00e3o cont\u00ednua. <\/p>\n\t\t\t\t\t<\/div>\n\t\t\t\t\t\t<\/div>\n\t\t\t\t<\/div>\n\t\t\t\t<\/div>\n\t\t\t\t<\/div>\n\t\t<div class=\"elementor-element elementor-element-83e27a0 e-con-full e-flex e-con e-child\" data-id=\"83e27a0\" data-element_type=\"container\" data-settings=\"{&quot;content_width&quot;:&quot;full&quot;,&quot;container_type&quot;:&quot;flex&quot;}\">\n\t\t\t\t<div class=\"elementor-element elementor-element-45f6bee elementor-align-right btn-big elementor-widget elementor-widget-button\" data-id=\"45f6bee\" data-element_type=\"widget\" data-widget_type=\"button.default\">\n\t\t\t\t<div class=\"elementor-widget-container\">\n\t\t\t\t\t<div class=\"elementor-button-wrapper\">\n\t\t\t<a class=\"elementor-button elementor-button-link elementor-size-sm\" href=\"#candidatura\">\n\t\t\t\t\t\t<span class=\"elementor-button-content-wrapper\">\n\t\t\t\t\t\t<span class=\"elementor-button-icon elementor-align-icon-right\">\n\t\t\t\t<svg xmlns=\"http:\/\/www.w3.org\/2000\/svg\" xmlns:xlink=\"http:\/\/www.w3.org\/1999\/xlink\" id=\"Livello_2\" width=\"24\" height=\"24\" viewBox=\"0 0 24 24\"><defs><style>.cls-1,.cls-2{fill:none;}.cls-3{fill:red;}.cls-2{clip-path:url(#clippath);}<\/style><clipPath id=\"clippath\"><rect class=\"cls-1\" width=\"24\" height=\"24\"><\/rect><\/clipPath><\/defs><g id=\"Livello_1-2\"><g class=\"cls-2\"><g id=\"icon_24_arrow_up\"><path id=\"Vector\" class=\"cls-3\" d=\"m24,15V1.99h-4v15.18L2.83,0,0,2.83l17.17,17.17H1.99v4h13.01l9-9Z\"><\/path><\/g><\/g><\/g><\/svg>\t\t\t<\/span>\n\t\t\t\t\t\t<span class=\"elementor-button-text\">Envie a sua <br>candidatura<\/span>\n\t\t<\/span>\n\t\t\t\t\t<\/a>\n\t\t<\/div>\n\t\t\t\t<\/div>\n\t\t\t\t<\/div>\n\t\t\t\t<\/div>\n\t\t\t\t<\/div>\n\t\t\t\t<\/div>\n\t\t<div class=\"elementor-element elementor-element-b7da4d7 e-con-full e-flex e-con e-parent\" data-id=\"b7da4d7\" data-element_type=\"container\" data-settings=\"{&quot;content_width&quot;:&quot;full&quot;,&quot;background_background&quot;:&quot;classic&quot;,&quot;container_type&quot;:&quot;flex&quot;}\" data-core-v316-plus=\"true\">\n\t\t<div class=\"elementor-element elementor-element-54411cf e-con-full e-flex e-con e-child\" data-id=\"54411cf\" data-element_type=\"container\" data-settings=\"{&quot;content_width&quot;:&quot;full&quot;,&quot;container_type&quot;:&quot;flex&quot;}\">\n\t\t<div class=\"elementor-element elementor-element-ec892de e-con-full e-flex e-con e-child\" data-id=\"ec892de\" data-element_type=\"container\" data-settings=\"{&quot;content_width&quot;:&quot;full&quot;,&quot;container_type&quot;:&quot;flex&quot;}\">\n\t\t\t\t<div class=\"elementor-element elementor-element-3fe6b54 elementor-widget elementor-widget-image\" data-id=\"3fe6b54\" data-element_type=\"widget\" data-widget_type=\"image.default\">\n\t\t\t\t<div class=\"elementor-widget-container\">\n\t\t\t\t\t\t\t\t<div class=\"elementor-image\">\n\t\t\t\t\t\t\t\t\t\t\t\t<img fetchpriority=\"high\" decoding=\"async\" width=\"800\" height=\"348\" src=\"https:\/\/tecno3hc.com\/wp-content\/uploads\/2023\/09\/lavora-con-noi-1024x446.jpg\" class=\"attachment-large size-large wp-image-2496\" alt=\"\" srcset=\"https:\/\/tecno3hc.com\/wp-content\/uploads\/2023\/09\/lavora-con-noi-1024x446.jpg 1024w, https:\/\/tecno3hc.com\/wp-content\/uploads\/2023\/09\/lavora-con-noi-300x131.jpg 300w, https:\/\/tecno3hc.com\/wp-content\/uploads\/2023\/09\/lavora-con-noi-768x335.jpg 768w, https:\/\/tecno3hc.com\/wp-content\/uploads\/2023\/09\/lavora-con-noi.jpg 1156w\" sizes=\"(max-width: 800px) 100vw, 800px\" \/>\t\t\t\t\t\t\t\t\t\t\t\t\t\t<\/div>\n\t\t\t\t\t\t<\/div>\n\t\t\t\t<\/div>\n\t\t\t\t<\/div>\n\t\t\t\t<\/div>\n\t\t\t\t<\/div>\n\t\t<div class=\"elementor-element elementor-element-7420cdf e-con-full e-flex e-con e-parent\" data-id=\"7420cdf\" data-element_type=\"container\" id=\"candidatura\" data-settings=\"{&quot;content_width&quot;:&quot;full&quot;,&quot;background_background&quot;:&quot;classic&quot;,&quot;container_type&quot;:&quot;flex&quot;}\" data-core-v316-plus=\"true\">\n\t\t<div class=\"elementor-element elementor-element-e733510 e-con-full e-flex e-con e-child\" data-id=\"e733510\" data-element_type=\"container\" data-settings=\"{&quot;content_width&quot;:&quot;full&quot;,&quot;container_type&quot;:&quot;flex&quot;}\">\n\t\t<div class=\"elementor-element elementor-element-a90790b e-con-full e-flex e-con e-child\" data-id=\"a90790b\" data-element_type=\"container\" data-settings=\"{&quot;content_width&quot;:&quot;full&quot;,&quot;container_type&quot;:&quot;flex&quot;}\">\n\t\t\t\t<div class=\"elementor-element elementor-element-33c662f elementor-widget elementor-widget-heading\" data-id=\"33c662f\" data-element_type=\"widget\" data-widget_type=\"heading.default\">\n\t\t\t\t<div class=\"elementor-widget-container\">\n\t\t\t<h3 class=\"elementor-heading-title elementor-size-default\">DAMOS VALOR <br>\u00c0S PESSOAS<\/h3>\t\t<\/div>\n\t\t\t\t<\/div>\n\t\t\t\t<\/div>\n\t\t<div class=\"elementor-element elementor-element-f9be8a7 e-con-full e-flex e-con e-child\" data-id=\"f9be8a7\" data-element_type=\"container\" data-settings=\"{&quot;content_width&quot;:&quot;full&quot;,&quot;container_type&quot;:&quot;flex&quot;}\">\n\t\t\t\t<div class=\"elementor-element elementor-element-ddb9ad4 elementor-widget elementor-widget-text-editor\" data-id=\"ddb9ad4\" data-element_type=\"widget\" data-widget_type=\"text-editor.default\">\n\t\t\t\t<div class=\"elementor-widget-container\">\n\t\t\t\t\t\t\t\t<div class=\"elementor-text-editor elementor-clearfix\">\n\t\t\t\t<p>O futuro est\u00e1 nos homens e mulheres que trabalham com paix\u00e3o e profissionalismo em um setor que procura sempre uma nova fronteira tecnol\u00f3gica e produtiva. A alta qualidade do trabalho e os desafios da empresa estar\u00e3o sempre centrados no capital humano, o mais precioso e duradouro. <\/p>\n\t\t\t\t\t<\/div>\n\t\t\t\t\t\t<\/div>\n\t\t\t\t<\/div>\n\t\t\t\t<\/div>\n\t\t\t\t<\/div>\n\t\t\t\t<\/div>\n\t\t<div class=\"elementor-element elementor-element-7f41a7f e-con-full e-flex e-con e-parent\" data-id=\"7f41a7f\" data-element_type=\"container\" data-settings=\"{&quot;content_width&quot;:&quot;full&quot;,&quot;background_background&quot;:&quot;classic&quot;,&quot;container_type&quot;:&quot;flex&quot;}\" data-core-v316-plus=\"true\">\n\t\t<div class=\"elementor-element elementor-element-40fa296 e-con-full e-flex e-con e-child\" data-id=\"40fa296\" data-element_type=\"container\" data-settings=\"{&quot;content_width&quot;:&quot;full&quot;,&quot;container_type&quot;:&quot;flex&quot;}\">\n\t\t<div class=\"elementor-element elementor-element-c15d421 e-con-full e-flex e-con e-child\" data-id=\"c15d421\" data-element_type=\"container\" data-settings=\"{&quot;content_width&quot;:&quot;full&quot;,&quot;container_type&quot;:&quot;flex&quot;}\">\n\t\t\t\t<div class=\"elementor-element elementor-element-95521e2 elementor-widget__width-initial elementor-widget elementor-widget-heading\" data-id=\"95521e2\" data-element_type=\"widget\" data-widget_type=\"heading.default\">\n\t\t\t\t<div class=\"elementor-widget-container\">\n\t\t\t<h3 class=\"elementor-heading-title elementor-size-default\">Proponha o seu perfil profissional enviando-nos um e-mail e junte-se \u00e0 equipe!\n<\/h3>\t\t<\/div>\n\t\t\t\t<\/div>\n\t\t\t\t<\/div>\n\t\t<div class=\"elementor-element elementor-element-9d9f899 e-con-full e-flex e-con e-child\" data-id=\"9d9f899\" data-element_type=\"container\" data-settings=\"{&quot;content_width&quot;:&quot;full&quot;,&quot;container_type&quot;:&quot;flex&quot;}\">\n\t\t\t\t<div class=\"elementor-element elementor-element-c6199fc btn-md elementor-widget elementor-widget-button\" data-id=\"c6199fc\" data-element_type=\"widget\" data-widget_type=\"button.default\">\n\t\t\t\t<div class=\"elementor-widget-container\">\n\t\t\t\t\t<div class=\"elementor-button-wrapper\">\n\t\t\t<a class=\"elementor-button elementor-button-link elementor-size-sm\" href=\"mailto:hr@binotto.com\">\n\t\t\t\t\t\t<span class=\"elementor-button-content-wrapper\">\n\t\t\t\t\t\t<span class=\"elementor-button-icon elementor-align-icon-right\">\n\t\t\t\t<svg xmlns=\"http:\/\/www.w3.org\/2000\/svg\" id=\"Livello_2\" width=\"24\" height=\"24\" viewBox=\"0 0 24 24\"><g id=\"Livello_1-2\"><path id=\"icon_24_arrow_up\" d=\"m15,0H1.99v4h15.18L0,21.17l2.83,2.83L20,6.83v15.18h4v-13.01L15,0Z\"><\/path><\/g><\/svg>\t\t\t<\/span>\n\t\t\t\t\t\t<span class=\"elementor-button-text\">hr@binotto.com<\/span>\n\t\t<\/span>\n\t\t\t\t\t<\/a>\n\t\t<\/div>\n\t\t\t\t<\/div>\n\t\t\t\t<\/div>\n\t\t\t\t<\/div>\n\t\t\t\t<\/div>\n\t\t\t\t<\/div>\n\t\t\t\t\t\t\t\t\t<\/div>\n\t\t\t<\/div>\n\t\t\t\t\t<\/div>\n\t\t","protected":false},"excerpt":{"rendered":"<p>Acreditamos no v\u00ednculo que se cria entre os colaboradores e a empresa. Estamos sempre \u00e0 procura de pessoas com compet\u00eancias e conhecimentos \u00fanicos para enriquecer a nossa vis\u00e3o e oferta. O crescimento individual e profissional \u00e9 de fato um importante patrim\u00f4nio que nos permite almejar a inova\u00e7\u00e3o cont\u00ednua. Envie a sua candidatura DAMOS VALOR \u00c0S [&hellip;]<\/p>\n","protected":false},"author":5,"featured_media":0,"parent":0,"menu_order":0,"comment_status":"closed","ping_status":"closed","template":"","meta":{"footnotes":""},"acf":[],"yoast_head":"<!-- This site is optimized with the Yoast SEO plugin v21.8 - https:\/\/yoast.com\/wordpress\/plugins\/seo\/ -->\n<title>Trabalhe conosco | Tecno3<\/title>\n<meta name=\"robots\" content=\"index, follow, max-snippet:-1, max-image-preview:large, max-video-preview:-1\" \/>\n<link rel=\"canonical\" href=\"https:\/\/tecno3hc.com\/pt\/trabalhe-conosco\/\" \/>\n<meta property=\"og:locale\" content=\"pt_PT\" \/>\n<meta property=\"og:type\" content=\"article\" \/>\n<meta property=\"og:title\" content=\"Trabalhe conosco | Tecno3\" \/>\n<meta property=\"og:description\" content=\"Acreditamos no v\u00ednculo que se cria entre os colaboradores e a empresa. Estamos sempre \u00e0 procura de pessoas com compet\u00eancias e conhecimentos \u00fanicos para enriquecer a nossa vis\u00e3o e oferta. O crescimento individual e profissional \u00e9 de fato um importante patrim\u00f4nio que nos permite almejar a inova\u00e7\u00e3o cont\u00ednua. Envie a sua candidatura DAMOS VALOR \u00c0S [&hellip;]\" \/>\n<meta property=\"og:url\" content=\"https:\/\/tecno3hc.com\/pt\/trabalhe-conosco\/\" \/>\n<meta property=\"og:site_name\" content=\"Tecno3\" \/>\n<meta property=\"article:modified_time\" content=\"2024-01-10T11:14:01+00:00\" \/>\n<meta property=\"og:image\" content=\"https:\/\/tecno3hc.com\/wp-content\/uploads\/2023\/09\/lavora-con-noi-1024x446.jpg\" \/>\n<meta name=\"twitter:card\" content=\"summary_large_image\" \/>\n<meta name=\"twitter:label1\" content=\"Est. reading time\" \/>\n\t<meta name=\"twitter:data1\" content=\"1 minute\" \/>\n<script type=\"application\/ld+json\" class=\"yoast-schema-graph\">{\"@context\":\"https:\/\/schema.org\",\"@graph\":[{\"@type\":\"WebPage\",\"@id\":\"https:\/\/tecno3hc.com\/pt\/trabalhe-conosco\/\",\"url\":\"https:\/\/tecno3hc.com\/pt\/trabalhe-conosco\/\",\"name\":\"Trabalhe conosco | Tecno3\",\"isPartOf\":{\"@id\":\"https:\/\/tecno3hc.com\/#website\"},\"datePublished\":\"2023-08-21T12:59:57+00:00\",\"dateModified\":\"2024-01-10T11:14:01+00:00\",\"breadcrumb\":{\"@id\":\"https:\/\/tecno3hc.com\/pt\/trabalhe-conosco\/#breadcrumb\"},\"inLanguage\":\"pt\",\"potentialAction\":[{\"@type\":\"ReadAction\",\"target\":[\"https:\/\/tecno3hc.com\/pt\/trabalhe-conosco\/\"]}]},{\"@type\":\"BreadcrumbList\",\"@id\":\"https:\/\/tecno3hc.com\/pt\/trabalhe-conosco\/#breadcrumb\",\"itemListElement\":[{\"@type\":\"ListItem\",\"position\":1,\"name\":\"Home\",\"item\":\"https:\/\/tecno3hc.com\/pt\/homepage\/\"},{\"@type\":\"ListItem\",\"position\":2,\"name\":\"Trabalhe conosco\"}]},{\"@type\":\"WebSite\",\"@id\":\"https:\/\/tecno3hc.com\/#website\",\"url\":\"https:\/\/tecno3hc.com\/\",\"name\":\"Tecno3\",\"description\":\"Cilindri idraulici e lavorazioni meccaniche\",\"publisher\":{\"@id\":\"https:\/\/tecno3hc.com\/#organization\"},\"potentialAction\":[{\"@type\":\"SearchAction\",\"target\":{\"@type\":\"EntryPoint\",\"urlTemplate\":\"https:\/\/tecno3hc.com\/?s={search_term_string}\"},\"query-input\":\"required name=search_term_string\"}],\"inLanguage\":\"pt\"},{\"@type\":\"Organization\",\"@id\":\"https:\/\/tecno3hc.com\/#organization\",\"name\":\"Tecno3\",\"url\":\"https:\/\/tecno3hc.com\/\",\"logo\":{\"@type\":\"ImageObject\",\"inLanguage\":\"pt\",\"@id\":\"https:\/\/tecno3hc.com\/#\/schema\/logo\/image\/\",\"url\":\"https:\/\/tecno3hc.com\/wp-content\/uploads\/2023\/08\/logo-tecno3.svg\",\"contentUrl\":\"https:\/\/tecno3hc.com\/wp-content\/uploads\/2023\/08\/logo-tecno3.svg\",\"width\":190,\"height\":40,\"caption\":\"Tecno3\"},\"image\":{\"@id\":\"https:\/\/tecno3hc.com\/#\/schema\/logo\/image\/\"}}]}<\/script>\n<!-- \/ Yoast SEO plugin. -->","yoast_head_json":{"title":"Trabalhe conosco | Tecno3","robots":{"index":"index","follow":"follow","max-snippet":"max-snippet:-1","max-image-preview":"max-image-preview:large","max-video-preview":"max-video-preview:-1"},"canonical":"https:\/\/tecno3hc.com\/pt\/trabalhe-conosco\/","og_locale":"pt_PT","og_type":"article","og_title":"Trabalhe conosco | Tecno3","og_description":"Acreditamos no v\u00ednculo que se cria entre os colaboradores e a empresa. Estamos sempre \u00e0 procura de pessoas com compet\u00eancias e conhecimentos \u00fanicos para enriquecer a nossa vis\u00e3o e oferta. O crescimento individual e profissional \u00e9 de fato um importante patrim\u00f4nio que nos permite almejar a inova\u00e7\u00e3o cont\u00ednua. Envie a sua candidatura DAMOS VALOR \u00c0S [&hellip;]","og_url":"https:\/\/tecno3hc.com\/pt\/trabalhe-conosco\/","og_site_name":"Tecno3","article_modified_time":"2024-01-10T11:14:01+00:00","og_image":[{"url":"https:\/\/tecno3hc.com\/wp-content\/uploads\/2023\/09\/lavora-con-noi-1024x446.jpg"}],"twitter_card":"summary_large_image","twitter_misc":{"Est. reading time":"1 minute"},"schema":{"@context":"https:\/\/schema.org","@graph":[{"@type":"WebPage","@id":"https:\/\/tecno3hc.com\/pt\/trabalhe-conosco\/","url":"https:\/\/tecno3hc.com\/pt\/trabalhe-conosco\/","name":"Trabalhe conosco | Tecno3","isPartOf":{"@id":"https:\/\/tecno3hc.com\/#website"},"datePublished":"2023-08-21T12:59:57+00:00","dateModified":"2024-01-10T11:14:01+00:00","breadcrumb":{"@id":"https:\/\/tecno3hc.com\/pt\/trabalhe-conosco\/#breadcrumb"},"inLanguage":"pt","potentialAction":[{"@type":"ReadAction","target":["https:\/\/tecno3hc.com\/pt\/trabalhe-conosco\/"]}]},{"@type":"BreadcrumbList","@id":"https:\/\/tecno3hc.com\/pt\/trabalhe-conosco\/#breadcrumb","itemListElement":[{"@type":"ListItem","position":1,"name":"Home","item":"https:\/\/tecno3hc.com\/pt\/homepage\/"},{"@type":"ListItem","position":2,"name":"Trabalhe conosco"}]},{"@type":"WebSite","@id":"https:\/\/tecno3hc.com\/#website","url":"https:\/\/tecno3hc.com\/","name":"Tecno3","description":"Cilindri idraulici e lavorazioni meccaniche","publisher":{"@id":"https:\/\/tecno3hc.com\/#organization"},"potentialAction":[{"@type":"SearchAction","target":{"@type":"EntryPoint","urlTemplate":"https:\/\/tecno3hc.com\/?s={search_term_string}"},"query-input":"required name=search_term_string"}],"inLanguage":"pt"},{"@type":"Organization","@id":"https:\/\/tecno3hc.com\/#organization","name":"Tecno3","url":"https:\/\/tecno3hc.com\/","logo":{"@type":"ImageObject","inLanguage":"pt","@id":"https:\/\/tecno3hc.com\/#\/schema\/logo\/image\/","url":"https:\/\/tecno3hc.com\/wp-content\/uploads\/2023\/08\/logo-tecno3.svg","contentUrl":"https:\/\/tecno3hc.com\/wp-content\/uploads\/2023\/08\/logo-tecno3.svg","width":190,"height":40,"caption":"Tecno3"},"image":{"@id":"https:\/\/tecno3hc.com\/#\/schema\/logo\/image\/"}}]}},"_links":{"self":[{"href":"https:\/\/tecno3hc.com\/pt\/wp-json\/wp\/v2\/pages\/5517"}],"collection":[{"href":"https:\/\/tecno3hc.com\/pt\/wp-json\/wp\/v2\/pages"}],"about":[{"href":"https:\/\/tecno3hc.com\/pt\/wp-json\/wp\/v2\/types\/page"}],"author":[{"embeddable":true,"href":"https:\/\/tecno3hc.com\/pt\/wp-json\/wp\/v2\/users\/5"}],"replies":[{"embeddable":true,"href":"https:\/\/tecno3hc.com\/pt\/wp-json\/wp\/v2\/comments?post=5517"}],"version-history":[{"count":2,"href":"https:\/\/tecno3hc.com\/pt\/wp-json\/wp\/v2\/pages\/5517\/revisions"}],"predecessor-version":[{"id":5521,"href":"https:\/\/tecno3hc.com\/pt\/wp-json\/wp\/v2\/pages\/5517\/revisions\/5521"}],"wp:attachment":[{"href":"https:\/\/tecno3hc.com\/pt\/wp-json\/wp\/v2\/media?parent=5517"}],"curies":[{"name":"wp","href":"https:\/\/api.w.org\/{rel}","templated":true}]}}